{"id":87,"date":"2026-02-27T15:20:20","date_gmt":"2026-02-27T15:20:20","guid":{"rendered":"https:\/\/www.lirequeer.ca\/?page_id=87"},"modified":"2026-03-07T17:10:35","modified_gmt":"2026-03-07T17:10:35","slug":"querelle-de-roberval","status":"publish","type":"page","link":"https:\/\/www.lirequeer.ca\/?page_id=87","title":{"rendered":"Querelle de Roberval"},"content":{"rendered":"\n<div class=\"wp-block-media-text is-stacked-on-mobile\"><figure class=\"wp-block-media-text__media\"><img decoding=\"async\" src=\"http:\/\/www.lirequeer.ca\/wp-content\/uploads\/2026\/03\/05-23a-1.png\" alt=\"\" class=\"wp-image-159 size-full\"\/><\/figure><div class=\"wp-block-media-text__content\">\n<p>TITRE : <em><a href=\"https:\/\/www.editionsheliotrope.com\/livres\/querelle-de-roberval-romans\/\">Querelle de Roberval<\/a><\/em> de Kev Lambert (\u00c9ditions H\u00e9liotrope, 2018 )<\/p>\n\n\n\n<p>CLUB DE LECTURE : <a href=\"https:\/\/www.facebook.com\/groups\/1250093983154062\">Cercle de lecture<\/a><\/p>\n\n\n\n<p>DATE\/HEURE : le samedi 23 mai, \u00e0 14 h<\/p>\n\n\n\n<p>LIEU : Arte &amp; Farina (1550 Rue Sainte-Catherine E)<\/p>\n\n\n\n<p>ANIMATION : S\u00e9bastien Riquier<\/p>\n\n\n\n<p>NOMBRE MAXIMAL DE PARTICIPANT\u00b7ES : \u00c0 confirmer<\/p>\n\n\n\n<p>INSCRIPTION : Aucune inscription<\/p>\n\n\n\n<p>LANGUE : Le livre et l\u2019animation sont en fran\u00e7ais<\/p>\n<\/div><\/div>\n\n\n\n<h2 class=\"wp-block-heading\">\u00c0 PROPOS DU LIVRE :<\/h2>\n\n\n\n<p>Les ouvriers et ouvri\u00e8res de la scierie de Roberval sont en gr\u00e8ve. Sous l\u2019apparente coh\u00e9sion de la lutte, on d\u00e9couvre rapidement les revendications plus personnelles de chacun. Ils partagent toutefois un m\u00eame d\u00e9sir d\u2019\u00e9chapper \u00e0 la mis\u00e8re et de se venger de leur boss, Brian Ferland. Alors que le conflit s\u2019enlise, le lockout que d\u00e9cr\u00e8te Ferland r\u00e9veille en eux une rage enfouie. La folie s\u2019empare des employ\u00e9\u00b7e\u00b7s, qui rejoignent la ronde infernale du beau Querelle, h\u00e9ros de Jean Genet copi\u00e9-coll\u00e9 dans ce d\u00e9cor qu\u00e9b\u00e9cois, \u00e9l\u00e9ment de chaos, sable dans l\u2019engrenage de la machine n\u00e9olib\u00e9rale, h\u00e9t\u00e9rosexuelle et patriarcale. Tout est d\u00e9sormais permis. Ils cassent des bouteilles sur la plage, r\u00e8glent leurs comptes \u00e0 coups de batte de baseball. Et puis ils font pire, bien pire\u2026 <\/p>\n\n\n\n<h2 class=\"wp-block-heading\">\u00c0 PROPOS DE CLUB DE LECTURE :<\/h2>\n\n\n\n<p>Le Cercle de lecture est pour toute personne qui s&#8217;int\u00e9resse \u00e0 la litt\u00e9rature queer. Nous nous rencontrons une fois par mois dans un caf\u00e9 pour discuter d&#8217;un livre. Bonne lecture!<\/p>\n\n\n\n<p><\/p>\n","protected":false},"excerpt":{"rendered":"<p>TITRE : Querelle de Roberval de Kev Lambert (\u00c9ditions H\u00e9liotrope, 2018 ) CLUB DE LECTURE : Cercle de lecture DATE\/HEURE : le samedi 23 mai, \u00e0 14 h LIEU : Arte &amp; Farina (1550 Rue Sainte-Catherine E) ANIMATION : S\u00e9bastien Riquier NOMBRE MAXIMAL DE PARTICIPANT\u00b7ES : \u00c0 confirmer INSCRIPTION : Aucune inscription LANGUE : Le [&hellip;]<\/p>\n","protected":false},"author":1,"featured_media":0,"parent":0,"menu_order":0,"comment_status":"closed","ping_status":"closed","template":"","meta":{"footnotes":""},"class_list":["post-87","page","type-page","status-publish","hentry"],"_links":{"self":[{"href":"https:\/\/www.lirequeer.ca\/index.php?rest_route=\/wp\/v2\/pages\/87","targetHints":{"allow":["GET"]}}],"collection":[{"href":"https:\/\/www.lirequeer.ca\/index.php?rest_route=\/wp\/v2\/pages"}],"about":[{"href":"https:\/\/www.lirequeer.ca\/index.php?rest_route=\/wp\/v2\/types\/page"}],"author":[{"embeddable":true,"href":"https:\/\/www.lirequeer.ca\/index.php?rest_route=\/wp\/v2\/users\/1"}],"replies":[{"embeddable":true,"href":"https:\/\/www.lirequeer.ca\/index.php?rest_route=%2Fwp%2Fv2%2Fcomments&post=87"}],"version-history":[{"count":7,"href":"https:\/\/www.lirequeer.ca\/index.php?rest_route=\/wp\/v2\/pages\/87\/revisions"}],"predecessor-version":[{"id":281,"href":"https:\/\/www.lirequeer.ca\/index.php?rest_route=\/wp\/v2\/pages\/87\/revisions\/281"}],"wp:attachment":[{"href":"https:\/\/www.lirequeer.ca\/index.php?rest_route=%2Fwp%2Fv2%2Fmedia&parent=87"}],"curies":[{"name":"wp","href":"https:\/\/api.w.org\/{rel}","templated":true}]}}