{"id":52,"date":"2026-02-27T15:19:32","date_gmt":"2026-02-27T15:19:32","guid":{"rendered":"https:\/\/www.lirequeer.ca\/?page_id=52"},"modified":"2026-03-28T16:15:09","modified_gmt":"2026-03-28T16:15:09","slug":"il-faut-beaucoup-aimer-les-femmes-qui-pleurent","status":"publish","type":"page","link":"https:\/\/www.lirequeer.ca\/?page_id=52","title":{"rendered":"Il faut beaucoup aimer les femmes qui pleurent"},"content":{"rendered":"\n<div class=\"wp-block-media-text is-stacked-on-mobile\"><figure class=\"wp-block-media-text__media\"><img decoding=\"async\" src=\"http:\/\/www.lirequeer.ca\/wp-content\/uploads\/2026\/03\/3.png\" alt=\"\" class=\"wp-image-334 size-full\"\/><\/figure><div class=\"wp-block-media-text__content\">\n<p>TITRE : <em><a href=\"https:\/\/www.editionsheliotrope.com\/livres\/il-faut-beaucoup-aimer-les-femmes-qui-pleurent\/\">Il faut beaucoup aimer les femmes qui pleurent <\/a><\/em>de <strong>Martine Delvaux<\/strong> (\u00c9ditions H\u00e9liotrope, 2025)<\/p>\n\n\n\n<p>CLUB DE LECTURE : <a href=\"https:\/\/docs.google.com\/document\/d\/1B5Ump_vjx_ffP_tUQMeBQLXUoWK6Jv0OHjUEJ-vY5Bs\/edit?tab=t.0#heading=h.hoxjce3e1n9t\">Lucioles et morilles<\/a><\/p>\n\n\n\n<p>DATE\/HEURE : le dimanche 17 mai, de 17h \u00e0 18h30<\/p>\n\n\n\n<p>LIEU : Librairie n&#8217;\u00e9tait-ce pas l&#8217;\u00e9t\u00e9 (6792 Boul. Saint-Laurent)<\/p>\n\n\n\n<p>ANIMATION : Marilou Dupuis et Miguel Gosselin Dionne<\/p>\n\n\n\n<p>NOMBRE MAXIMAL DE PARTICIPANT\u00b7ES : 15<\/p>\n\n\n\n<p>INSCRIPTION : <a href=\"https:\/\/framaforms.org\/il-faut-beaucoup-aimer-les-femmes-qui-pleurent-par-martine-delvaux-editions-heliotrope-2025\" target=\"_blank\" rel=\"noreferrer noopener\">Inscrivez-vous ici<\/a><\/p>\n\n\n\n<p>LANGUE : Atelier participatif bilingue. Le livre et l\u2019animation sont en fran\u00e7ais, mais toustes peuvent participer<\/p>\n\n\n\n<p>AUTRES D\u00c9TAILS : <a href=\"https:\/\/docs.google.com\/document\/d\/1B5Ump_vjx_ffP_tUQMeBQLXUoWK6Jv0OHjUEJ-vY5Bs\/edit?tab=t.0#heading=h.hoxjce3e1n9t\">Lectures d&#8217;enracinement au temps des catastrophes<\/a><\/p>\n<\/div><\/div>\n\n\n\n<h2 class=\"wp-block-heading\">\u00c0 PROPOS DU LIVRE :<\/h2>\n\n\n\n<p>\u00ab \u00c9crire tout \u00e7a aujourd\u2019hui, ce n\u2019est pas faire le r\u00e9cit d\u2019un d\u00e9samour, c\u2019est raconter le contramour, comme on dit contralto, contrattaquer ou \u00e0 contrecourant, r\u00e9v\u00e9ler la cadence, le rythme qui sous-tend cette histoire, et en m\u00eame temps, refaire le chemin \u00e0 l\u2019envers. \u00bb<\/p>\n\n\n\n<p>Il y a quelques ann\u00e9es d\u00e9j\u00e0, Martine Delvaux publiait le r\u00e9cit d\u2019une rupture amoureuse. Elle reprend ici cette histoire d\u2019amour et de perte de mani\u00e8re \u00e0 la d\u00e9maquiller, pour dire toute la v\u00e9rit\u00e9, rien que la v\u00e9rit\u00e9. Avec ce texte intime, elle fait entendre une voix aimante et f\u00e9ministe sur l\u2019\u00e9criture de la vie, et sur la force r\u00e9paratrice de la litt\u00e9rature.<\/p>\n\n\n\n<h2 class=\"wp-block-heading\">\u00c0 PROPOS DE CLUB DE LECTURE :<\/h2>\n\n\n\n<p>Ceci est un appel \u00e0 cr\u00e9er un cercle de lecture &#8212; un espace pour se planter ensemble avec les mots, les voix et les liens qui nous (re)connectent.\u200b Cultivons pour un moment notre \u00e9cosyst\u00e8me de r\u00e9sistance #f\u00e9ministe #queer #antifasciste #d\u00e9colonial #migrant #survivant.e &nbsp;\u200b<\/p>\n\n\n\n<p>C\u200bomme les lucioles, nos lumi\u00e8res \u200bdeviennent visibles quand la nuit tombe\u200b. Comme les morilles, nos communaut\u00e9s et nos luttes ont trouv\u00e9 des moyens de repousser apr\u00e8s les \u200bincendies. Plusieurs &#8220;fins du monde&#8221; sont d\u00e9j\u00e0 survenues au courant de nos vies &#8211; certaines lentes, d&#8217;autres brutales comme la mont\u00e9e actuelle du fascisme am\u00e9ricain. Ce cercle vise \u00e0 partager sur ces pertes et ce que nous jugeons encore pr\u00e9cieux depuis.&nbsp;\u200b<\/p>\n\n\n\n<p><a href=\"https:\/\/docs.google.com\/document\/d\/1B5Ump_vjx_ffP_tUQMeBQLXUoWK6Jv0OHjUEJ-vY5Bs\/edit?tab=t.0\" target=\"_blank\" rel=\"noreferrer noopener\">Cliquez ici pour plus d\u2019infos<\/a>.<\/p>\n\n\n\n<p><\/p>\n","protected":false},"excerpt":{"rendered":"<p>TITRE : Il faut beaucoup aimer les femmes qui pleurent de Martine Delvaux (\u00c9ditions H\u00e9liotrope, 2025) CLUB DE LECTURE : Lucioles et morilles DATE\/HEURE : le dimanche 17 mai, de 17h \u00e0 18h30 LIEU : Librairie n&#8217;\u00e9tait-ce pas l&#8217;\u00e9t\u00e9 (6792 Boul. Saint-Laurent) ANIMATION : Marilou Dupuis et Miguel Gosselin Dionne NOMBRE MAXIMAL DE PARTICIPANT\u00b7ES : [&hellip;]<\/p>\n","protected":false},"author":1,"featured_media":0,"parent":0,"menu_order":0,"comment_status":"closed","ping_status":"closed","template":"","meta":{"footnotes":""},"class_list":["post-52","page","type-page","status-publish","hentry"],"_links":{"self":[{"href":"https:\/\/www.lirequeer.ca\/index.php?rest_route=\/wp\/v2\/pages\/52","targetHints":{"allow":["GET"]}}],"collection":[{"href":"https:\/\/www.lirequeer.ca\/index.php?rest_route=\/wp\/v2\/pages"}],"about":[{"href":"https:\/\/www.lirequeer.ca\/index.php?rest_route=\/wp\/v2\/types\/page"}],"author":[{"embeddable":true,"href":"https:\/\/www.lirequeer.ca\/index.php?rest_route=\/wp\/v2\/users\/1"}],"replies":[{"embeddable":true,"href":"https:\/\/www.lirequeer.ca\/index.php?rest_route=%2Fwp%2Fv2%2Fcomments&post=52"}],"version-history":[{"count":13,"href":"https:\/\/www.lirequeer.ca\/index.php?rest_route=\/wp\/v2\/pages\/52\/revisions"}],"predecessor-version":[{"id":349,"href":"https:\/\/www.lirequeer.ca\/index.php?rest_route=\/wp\/v2\/pages\/52\/revisions\/349"}],"wp:attachment":[{"href":"https:\/\/www.lirequeer.ca\/index.php?rest_route=%2Fwp%2Fv2%2Fmedia&parent=52"}],"curies":[{"name":"wp","href":"https:\/\/api.w.org\/{rel}","templated":true}]}}