{"id":297,"date":"2026-03-14T18:36:20","date_gmt":"2026-03-14T18:36:20","guid":{"rendered":"https:\/\/www.lirequeer.ca\/?page_id=297"},"modified":"2026-03-19T02:19:50","modified_gmt":"2026-03-19T02:19:50","slug":"crash-test","status":"publish","type":"page","link":"https:\/\/www.lirequeer.ca\/?page_id=297","title":{"rendered":"Crash Test"},"content":{"rendered":"\n<div class=\"wp-block-media-text is-stacked-on-mobile\"><figure class=\"wp-block-media-text__media\"><img decoding=\"async\" src=\"http:\/\/www.lirequeer.ca\/wp-content\/uploads\/2026\/03\/05-19-b-1.png\" alt=\"\" class=\"wp-image-330 size-full\"\/><\/figure><div class=\"wp-block-media-text__content\">\n<p>TITLE: <em><a href=\"https:\/\/www.harpercollins.com\/products\/crash-test-amy-james?variant=43182606680098\">Crash Test<\/a><\/em> by <strong>Amy James<\/strong> (HarperCollins, 2025)<\/p>\n\n\n\n<p>BOOK CLUB: <a href=\"https:\/\/www.joiedelivres.ca\/\" target=\"_blank\" rel=\"noreferrer noopener\">Joie de livres<\/a><\/p>\n\n\n\n<p>DATE\/TIME: Tuesday, May 19, at 7 PM<\/p>\n\n\n\n<p>LOCATION: Joie de livres (5163 Saint Laurent)<\/p>\n\n\n\n<p>MODERATOR: Carrie-Ann Kloda<\/p>\n\n\n\n<p>MAX # OF PARTICIPANTS: 20<\/p>\n\n\n\n<p>SIGN-UP: Tickets on sale April 25th (link to come), ticket will include the cost of the book + a drink<\/p>\n\n\n\n<p>LANGUAGE: The book is in English, but discussion will be in English and French<\/p>\n<\/div><\/div>\n\n\n\n<h2 class=\"wp-block-heading\">ABOUT THE BOOK:<\/h2>\n\n\n\n<p><strong>Formula 1 meets&nbsp;<em>Red, White, &amp; Royal Blue<\/em>&nbsp;in this contemporary MM sports romance in which an F1 phenom battling for the championship is sent spinning after his secret love is involved in a massive crash.<\/strong><\/p>\n\n\n\n<p>Twenty-four-year-old Formula 1 driver Travis Keeping is halfway through an incredible racing season, with the championship well within his sights. But when a massive crash in Formula 2 leaves driver Jacob Nichols in critical condition, Travis\u2019s world is flipped upside down. No one knows, but he and Jacob have been in a secret relationship for almost a year.<\/p>\n\n\n\n<p>Now the only boy he\u2019s ever loved is clinging to life, his F1 team can\u2019t understand why his performance is faltering, and he\u2019s locked in a cold war with Jacob\u2019s parents, who want him as far away from their son as humanly possible. Travis is sure everything will get better when Jacob wakes up, but he soon realizes he\u2019s underestimated Jacob\u2019s parents\u2019 influence on their son.<\/p>\n\n\n\n<p>As the F1 season barrels on, Travis and Jacob find themselves alone and miserable on opposite sides of the globe. But with some new friends by their sides, both drivers will be pushed outside of their comfort zones and onto a journey of self-discovery in this angsty, emotional romance\u2014one that just might lead them back to each other in the end.<\/p>\n\n\n\n<h2 class=\"wp-block-heading\">ABOUT THE BOOK CLUB:<\/h2>\n\n\n\n<p>A new bilingual (English and French) book club launching Spring 2026 at Joie de livres, focussed on queer &amp; sportromance ! All details will be announced on April 25th for CIBD 2026 &#8211; Canadian Indie Bookstore Day !&nbsp;Mais pour le moment, vous avez l&#8217;exclusivilit\u00e9 via Lire Queer sur notre premi\u00e8re rencontre &#8211; et pour maquer le coup, nous organisons aussi une causerie le vendredi 22 mai \u00e0 19h en compagnie de l&#8217;autrice <strong>Amy James <\/strong>et de l&#8217;\u00e9crivaine qu\u00e9b\u00e9coise <strong>Christine Laram\u00e9e<\/strong>, aussi sp\u00e9cialis\u00e9e en romance de Formule 1 !&nbsp;<\/p>\n\n\n\n<p><\/p>\n","protected":false},"excerpt":{"rendered":"<p>TITLE: Crash Test by Amy James (HarperCollins, 2025) BOOK CLUB: Joie de livres DATE\/TIME: Tuesday, May 19, at 7 PM LOCATION: Joie de livres (5163 Saint Laurent) MODERATOR: Carrie-Ann Kloda MAX # OF PARTICIPANTS: 20 SIGN-UP: Tickets on sale April 25th (link to come), ticket will include the cost of the book + a drink [&hellip;]<\/p>\n","protected":false},"author":1,"featured_media":0,"parent":0,"menu_order":0,"comment_status":"closed","ping_status":"closed","template":"","meta":{"footnotes":""},"class_list":["post-297","page","type-page","status-publish","hentry"],"_links":{"self":[{"href":"https:\/\/www.lirequeer.ca\/index.php?rest_route=\/wp\/v2\/pages\/297","targetHints":{"allow":["GET"]}}],"collection":[{"href":"https:\/\/www.lirequeer.ca\/index.php?rest_route=\/wp\/v2\/pages"}],"about":[{"href":"https:\/\/www.lirequeer.ca\/index.php?rest_route=\/wp\/v2\/types\/page"}],"author":[{"embeddable":true,"href":"https:\/\/www.lirequeer.ca\/index.php?rest_route=\/wp\/v2\/users\/1"}],"replies":[{"embeddable":true,"href":"https:\/\/www.lirequeer.ca\/index.php?rest_route=%2Fwp%2Fv2%2Fcomments&post=297"}],"version-history":[{"count":4,"href":"https:\/\/www.lirequeer.ca\/index.php?rest_route=\/wp\/v2\/pages\/297\/revisions"}],"predecessor-version":[{"id":343,"href":"https:\/\/www.lirequeer.ca\/index.php?rest_route=\/wp\/v2\/pages\/297\/revisions\/343"}],"wp:attachment":[{"href":"https:\/\/www.lirequeer.ca\/index.php?rest_route=%2Fwp%2Fv2%2Fmedia&parent=297"}],"curies":[{"name":"wp","href":"https:\/\/api.w.org\/{rel}","templated":true}]}}