{"id":282,"date":"2026-03-07T17:15:59","date_gmt":"2026-03-07T17:15:59","guid":{"rendered":"https:\/\/www.lirequeer.ca\/?page_id=282"},"modified":"2026-03-29T21:07:50","modified_gmt":"2026-03-29T21:07:50","slug":"souterrain","status":"publish","type":"page","link":"https:\/\/www.lirequeer.ca\/?page_id=282","title":{"rendered":"Souterrain"},"content":{"rendered":"\n<div class=\"wp-block-media-text is-stacked-on-mobile\"><figure class=\"wp-block-media-text__media\"><img decoding=\"async\" src=\"http:\/\/www.lirequeer.ca\/wp-content\/uploads\/2026\/03\/05-18-b-1.png\" alt=\"\" class=\"wp-image-283 size-full\"\/><\/figure><div class=\"wp-block-media-text__content\">\n<p>TITRE : <em><a href=\"https:\/\/www.editions-rm.ca\/livres\/souterrain\/\" target=\"_blank\" rel=\"noreferrer noopener\">Souterrain<\/a><\/em> de <strong>Val Bah<\/strong> (Collection Martiales, \u00c9ditions du remue-m\u00e9nage, nov. 2025)<\/p>\n\n\n\n<p>CLUB DE LECTURE : <a href=\"https:\/\/www.fiertelitteraire.ca\/\" target=\"_blank\" rel=\"noreferrer noopener\">Fiert\u00e9 litt\u00e9raire<\/a><\/p>\n\n\n\n<p>DATE\/HEURE : le lundi 18 mai, 14h \u00e0 16h<\/p>\n\n\n\n<p>LIEU : Maison Plein C\u0153ur, 1611 rue Dorion, Montr\u00e9al (m\u00e9tro Papineau)<\/p>\n\n\n\n<p>ANIMATION : Maguy M\u00e9tellus<\/p>\n\n\n\n<p>NOMBRE MAXIMAL DE PARTICIPANT\u00b7ES : 20<\/p>\n\n\n\n<p>LANGUE : Le livre et l\u2019animation sont en fran\u00e7ais<\/p>\n\n\n\n<p>INSCRIPTION : <br><a href=\"https:\/\/www.zeffy.com\/fr-CA\/ticketing\/cercle-de-lecture-fierte-litteraire-18-mai--2026\" target=\"_blank\" rel=\"noreferrer noopener\">https:\/\/www.zeffy.com\/fr-CA\/ticketing\/cercle-de-lecture-fierte-litteraire-18-mai&#8211;2026<\/a><\/p>\n\n\n\n<figure class=\"wp-block-image size-full\"><img decoding=\"async\" src=\"http:\/\/www.lirequeer.ca\/wp-content\/uploads\/2026\/03\/image001.png\" alt=\"\" class=\"wp-image-311\"\/><\/figure>\n<\/div><\/div>\n\n\n\n<h2 class=\"wp-block-heading\">\u00c0 PROPOS DU LIVRE :<\/h2>\n\n\n\n<p>Chute-\u00e0-Tr\u00e9fonds est un quartier sujet \u00e0 toutes les pr\u00e9dations. Qu\u2019il s\u2019agisse de la gentrification agressive de la ville au nom pompeux de Nouveau Stockholm ou des ambitions postmodernes d\u2019une cin\u00e9aste documentariste, les p\u00e9rils sont nombreux. Et pourtant, dans ce roman polyphonique \u00e0 la plume ac\u00e9r\u00e9e et \u00e0 l\u2019humour mordant, voici que les habitant\u00b7es trouvent malgr\u00e9 tout \u00e0 vivre et \u00e0 r\u00e9sister.<\/p>\n\n\n\n<h2 class=\"wp-block-heading\">\u00c0 PROPOS DE CLUB DE LECTURE :<\/h2>\n\n\n\n<p>Fiert\u00e9 litt\u00e9raire est un organisme \u00e0 but non lucratif dont la mission est de :<\/p>\n\n\n\n<p>Pr\u00e9senter les \u0153uvres litt\u00e9raires des auteur\u00b7es surtout francophones 2LGBTQIA+ \u00e9mergent\u00b7es et \u00e9tabli\u00b7es par le biais de productions d\u2019\u00e9v\u00e9nements culturels; offrir au public en g\u00e9n\u00e9ral une meilleure compr\u00e9hension de la pr\u00e9sence active de la culture litt\u00e9raire surtout francophone 2LGBTQIA+; mettre en place des ateliers et des rencontres sur une base formelle et informelle o\u00f9 les voix 2LGBTQIA+ peuvent s\u2019exprimer librement et partager leurs histoires; favoriser l\u2019\u00e9tablissement de nouvelles relations et de r\u00e9seaux multiculturels entre les auteur\u00b7es francophones 2LGBTQIA+ et le grand public contribuant \u00e0 la lutte contre l\u2019exclusion et la discrimination.<\/p>\n\n\n\n<p>Notre cercle de lecture s\u2019inscrit dans cette mission.<\/p>\n\n\n\n<p><\/p>\n","protected":false},"excerpt":{"rendered":"<p>\u00c0 PROPOS DU LIVRE : Chute-\u00e0-Tr\u00e9fonds est un quartier sujet \u00e0 toutes les pr\u00e9dations. Qu\u2019il s\u2019agisse de la gentrification agressive de la ville au nom pompeux de Nouveau Stockholm ou des ambitions postmodernes d\u2019une cin\u00e9aste documentariste, les p\u00e9rils sont nombreux. Et pourtant, dans ce roman polyphonique \u00e0 la plume ac\u00e9r\u00e9e et \u00e0 l\u2019humour mordant, voici [&hellip;]<\/p>\n","protected":false},"author":1,"featured_media":0,"parent":0,"menu_order":0,"comment_status":"closed","ping_status":"closed","template":"","meta":{"footnotes":""},"class_list":["post-282","page","type-page","status-publish","hentry"],"_links":{"self":[{"href":"https:\/\/www.lirequeer.ca\/index.php?rest_route=\/wp\/v2\/pages\/282","targetHints":{"allow":["GET"]}}],"collection":[{"href":"https:\/\/www.lirequeer.ca\/index.php?rest_route=\/wp\/v2\/pages"}],"about":[{"href":"https:\/\/www.lirequeer.ca\/index.php?rest_route=\/wp\/v2\/types\/page"}],"author":[{"embeddable":true,"href":"https:\/\/www.lirequeer.ca\/index.php?rest_route=\/wp\/v2\/users\/1"}],"replies":[{"embeddable":true,"href":"https:\/\/www.lirequeer.ca\/index.php?rest_route=%2Fwp%2Fv2%2Fcomments&post=282"}],"version-history":[{"count":4,"href":"https:\/\/www.lirequeer.ca\/index.php?rest_route=\/wp\/v2\/pages\/282\/revisions"}],"predecessor-version":[{"id":369,"href":"https:\/\/www.lirequeer.ca\/index.php?rest_route=\/wp\/v2\/pages\/282\/revisions\/369"}],"wp:attachment":[{"href":"https:\/\/www.lirequeer.ca\/index.php?rest_route=%2Fwp%2Fv2%2Fmedia&parent=282"}],"curies":[{"name":"wp","href":"https:\/\/api.w.org\/{rel}","templated":true}]}}