{"id":217,"date":"2026-03-02T14:31:13","date_gmt":"2026-03-02T14:31:13","guid":{"rendered":"https:\/\/www.lirequeer.ca\/?page_id=217"},"modified":"2026-04-16T16:12:23","modified_gmt":"2026-04-16T16:12:23","slug":"calendrier-schedule-of-events","status":"publish","type":"page","link":"https:\/\/www.lirequeer.ca\/?page_id=217","title":{"rendered":"Schedule of events \/ Calendrier"},"content":{"rendered":"\n<p><\/p>\n\n\n\n<p><br><br><span style=\"text-decoration: underline;\">Saturday, May 16<\/span><\/p>\n\n\n\n<p><a href=\"https:\/\/www.lirequeer.ca\/?page_id=31\"><strong>Meeting: <em>The History of a Difficult Child<\/em> by Mihret Sibhat<\/strong><\/a><br>Presented by: Sapphic Arts and Letters; Violet Hour Book Club<br>Time: 1 PM to 3:00 PM<br>Location: Espace des Possibles dans La Petite-Patrie (1052 Beaubien E.)<br><a href=\"https:\/\/www.eventbrite.ca\/e\/vhbc-x-sal-the-history-of-a-difficult-child-tickets-1984318566248\">Sign-up to attend<\/a><br><br><span style=\"text-decoration: underline;\"><strong>Hot Flash: Lit Match<\/strong> (Queer Dance Party and Book Social)<\/span><br>Hot Flash opens Lire Queer Reader Fest with an evening of books, connection, and dancing. The night begins with Lit Match, an English-language literary activity hosted by Lenore at 7 PM sharp (doors and sign-up at 6:30). Meet other LGBTQ+ book lovers through a series of short, timed conversations about your favourite queer reads \u2014 bring books to share or swap if you like. At 7:30 PM, the event shifts into a lively, lesbo-centric, multigenerational dance party with DJ MIM, open to all. Montreal\u2019s Metonymy Press and Mes Pants de Queer will be on site with books for sale throughout the evening. Samosas will be available (cash only), and Pizza Bouquet is right next door. For those who want to keep the night going, karaoke starts at 10 PM.<br>Time: 6:30 PM to 10 PM<br>Location: Brasserie Beaubien (73 Beaubien E.)<\/p>\n\n\n\n<figure class=\"wp-block-image size-full\"><img loading=\"lazy\" decoding=\"async\" width=\"1024\" height=\"536\" src=\"http:\/\/www.lirequeer.ca\/wp-content\/uploads\/2026\/04\/Hot-Flash.png\" alt=\"\" class=\"wp-image-391\" srcset=\"https:\/\/www.lirequeer.ca\/wp-content\/uploads\/2026\/04\/Hot-Flash.png 1024w, https:\/\/www.lirequeer.ca\/wp-content\/uploads\/2026\/04\/Hot-Flash-300x157.png 300w, https:\/\/www.lirequeer.ca\/wp-content\/uploads\/2026\/04\/Hot-Flash-768x402.png 768w, https:\/\/www.lirequeer.ca\/wp-content\/uploads\/2026\/04\/Hot-Flash-600x314.png 600w\" sizes=\"auto, (max-width: 1024px) 100vw, 1024px\" \/><\/figure>\n\n\n\n<p><br><span style=\"text-decoration: underline;\">Sunday, May 17<\/span><\/p>\n\n\n\n<p><a href=\"https:\/\/www.lirequeer.ca\/?page_id=180\">Reuni\u00f3n: Antes que anochezca: autobiograf\u00eda por Reinaldo Arenas<\/a><br>Presentado por: Violet Hour Book Club y Latinos en Montr\u00e9al<br>Hora: 2PM a 4PM<br>Ubicaci\u00f3n: Papeterie Caf\u00e9 Nueva Era (301 \u00c9mery C1, Quartier Latin)<br><br><strong><a href=\"https:\/\/www.lirequeer.ca\/?page_id=52\">Rencontre : <em>Il faut beaucoup aimer les femmes qui pleurent <\/em>by Martine Delvaux<\/a><\/strong><br>Pr\u00e9sent\u00e9 par : Lucioles et morilles<br>Heure : 17h \u00e0 18h30<br>Lieu : Librairie n\u2019\u00e9tait-ce pas l\u2019\u00e9t\u00e9 (6792 Boul. Saint-Laurent)<br><a href=\"https:\/\/framaforms.org\/il-faut-beaucoup-aimer-les-femmes-qui-pleurent-par-martine-delvaux-editions-heliotrope-2025\">Inscrivez-vous ici<\/a><br><br><br><span style=\"text-decoration: underline;\">Monday, May 18<\/span><br><br><strong><a href=\"https:\/\/www.lirequeer.ca\/?page_id=282\">Rencontre : <em>Souterrain <\/em>de Val Bah<\/a><\/strong><br>Pr\u00e9sent\u00e9 par : Fiert\u00e9 litt\u00e9raire<br>Heure : 14h \u00e0 16h<br>Lieu : Maison Plein C\u0153ur (1611 Dorion)<br><a href=\"https:\/\/www.zeffy.com\/fr-CA\/ticketing\/cercle-de-lecture-fierte-litteraire-18-mai--2026\" target=\"_blank\" rel=\"noreferrer noopener\">Inscrivez-vous ici<\/a><br><br><strong><a href=\"https:\/\/www.lirequeer.ca\/?page_id=64\">Meeting: <em>Prince Faggot<\/em> by Jordan Tannahill<\/a><\/strong><br>Presented by: Gay Writes and Librairie Pulp Books &amp; Caf\u00e9<br>Time: 7 PM to 8:30 PM<br>Location: Librairie Pulp Books &amp; Caf\u00e9 (3952 Wellington St.)<br><a href=\"https:\/\/pulpbooks.ca\/events\/5002520260518\" target=\"_blank\" rel=\"noreferrer noopener\">Sign-up to attend<\/a><br><br><br><span style=\"text-decoration: underline;\">Tuesday, May 19<\/span><\/p>\n\n\n\n<p><strong><a href=\"https:\/\/www.lirequeer.ca\/?page_id=67\">Rencontre : <em>Les passions du samedi <\/em>par Andr\u00e9 Roy<\/a><\/strong><br>Pr\u00e9sent\u00e9 par : Mes pants de queer<br>Heure : 19 h \u00e0 20 h 30<br>Lieu : Mes Pants de Queer (2025 Parthenais #241)<\/p>\n\n\n\n<p><a href=\"https:\/\/www.lirequeer.ca\/?page_id=297\">Meeting: <em>Crash Test <\/em>by Amy James<\/a><br>Presented by: Joie de livres<br>Time: 7 PM <br>Location: Joie de livres (5163 Boul. Saint-Laurent)<br>Tickets on sale soon<br><br><br><span style=\"text-decoration: underline;\">Wednesday, May 20<\/span><\/p>\n\n\n\n<p><a href=\"https:\/\/www.lirequeer.ca\/?page_id=71\">Meeting: <em>Love Letters<\/em> by Virginia Woolf and Vita Sackville-West<\/a><br>Presented by: Librairie Saint-Henri Books \/ Deep Cuts with David<br>Time: 6:30 PM to 7:30 PM<br>Location: Librairie Saint-Henri Books (4622 Notre Dame W.)<br><br><strong><a href=\"https:\/\/www.lirequeer.ca\/?page_id=73\">Meeting: <em>Firebugs<\/em> by Nino Bulling<\/a><\/strong><br>Presented by: Librairie Drawn and Quarterly&#8217;s Graphic Novel Book Club<br>Time: 7 PM to 8:30 PM<br>Location: Librairie Drawn and Quarterly (176 Bernard W.)<\/p>\n\n\n\n<p><br><br><span style=\"text-decoration: underline;\">Thursday, May 21<\/span><\/p>\n\n\n\n<p><strong><a href=\"https:\/\/www.lirequeer.ca\/?page_id=79\">Meeting: <em>The Good Arabs<\/em> by Eli Tareq El-Bechelany Lynch<\/a><\/strong><br>Presented by: Argo Bookshop; Violet Hour<br>Time: 7 PM to 8:30 PM<br>Location: Argo Bookshop (1841-A Sainte-Catherine W.)<br><br><strong><a href=\"https:\/\/www.lirequeer.ca\/?page_id=82\">Meeting: <em>You Should Be So Lucky<\/em> by Cat Sebastian<\/a><\/strong><br>Presented by: Librairie Pulp Books &amp; Caf\u00e9<br>Time: 7 PM to 8:30 PM<br>Location: Librairie Pulp Books &amp; Caf\u00e9 (3952 Wellington St.)<br><a href=\"https:\/\/pulpbooks.ca\/events\/5002920260521\" target=\"_blank\" rel=\"noreferrer noopener\">Sign-up to attend<\/a><\/p>\n\n\n\n<p>&nbsp;<br><br><span style=\"text-decoration: underline;\">Saturday, May 23<\/span><\/p>\n\n\n\n<p><strong><a href=\"https:\/\/www.lirequeer.ca\/?page_id=87\">Rencontre : <em>Querelle de Roberval<\/em> par Kev Lambert<\/a><\/strong><br>Pr\u00e9sent\u00e9 par : Cercle de lecture<br>Heure : 14 h<br>Lieu : Caf\u00e9 Arte &amp; Farina (1550 Rue Sainte-Catherine E)<br><br><strong><a href=\"https:\/\/www.lirequeer.ca\/?page_id=85\">Meeting: <em>Gender Trash from Hell<\/em> edited by Mirha-Soleil Ross<\/a><\/strong><br>Presented by: Dick;s Lending Library<br>Time: 3 PM to 5 PM&nbsp;&nbsp;<br>Location: Brique x Brique (633 ave. Beaumont)<br><a href=\"https:\/\/docs.google.com\/forms\/d\/e\/1FAIpQLSemPaNw8_111x-WGPLEBmAMyaPtPoGLpijOQXBamEFHkl2x1g\/viewform\" target=\"_blank\" rel=\"noreferrer noopener\">Sign-up to attend<\/a><\/p>\n\n\n\n<p><\/p>\n\n\n\n<p><\/p>\n","protected":false},"excerpt":{"rendered":"<p>Saturday, May 16 Meeting: The History of a Difficult Child by Mihret SibhatPresented by: Sapphic Arts and Letters; Violet Hour Book ClubTime: 1 PM to 3:00 PMLocation: Espace des Possibles dans La Petite-Patrie (1052 Beaubien E.)Sign-up to attend Hot Flash: Lit Match (Queer Dance Party and Book Social)Hot Flash opens Lire Queer Reader Fest with [&hellip;]<\/p>\n","protected":false},"author":1,"featured_media":0,"parent":0,"menu_order":0,"comment_status":"closed","ping_status":"closed","template":"","meta":{"footnotes":""},"class_list":["post-217","page","type-page","status-publish","hentry"],"_links":{"self":[{"href":"https:\/\/www.lirequeer.ca\/index.php?rest_route=\/wp\/v2\/pages\/217","targetHints":{"allow":["GET"]}}],"collection":[{"href":"https:\/\/www.lirequeer.ca\/index.php?rest_route=\/wp\/v2\/pages"}],"about":[{"href":"https:\/\/www.lirequeer.ca\/index.php?rest_route=\/wp\/v2\/types\/page"}],"author":[{"embeddable":true,"href":"https:\/\/www.lirequeer.ca\/index.php?rest_route=\/wp\/v2\/users\/1"}],"replies":[{"embeddable":true,"href":"https:\/\/www.lirequeer.ca\/index.php?rest_route=%2Fwp%2Fv2%2Fcomments&post=217"}],"version-history":[{"count":25,"href":"https:\/\/www.lirequeer.ca\/index.php?rest_route=\/wp\/v2\/pages\/217\/revisions"}],"predecessor-version":[{"id":403,"href":"https:\/\/www.lirequeer.ca\/index.php?rest_route=\/wp\/v2\/pages\/217\/revisions\/403"}],"wp:attachment":[{"href":"https:\/\/www.lirequeer.ca\/index.php?rest_route=%2Fwp%2Fv2%2Fmedia&parent=217"}],"curies":[{"name":"wp","href":"https:\/\/api.w.org\/{rel}","templated":true}]}}