{"id":191,"date":"2026-03-01T18:13:54","date_gmt":"2026-03-01T18:13:54","guid":{"rendered":"https:\/\/www.lirequeer.ca\/?page_id=191"},"modified":"2026-04-16T16:01:16","modified_gmt":"2026-04-16T16:01:16","slug":"about-lire-queer-reader-fest","status":"publish","type":"page","link":"https:\/\/www.lirequeer.ca\/?page_id=191","title":{"rendered":"About Lire Queer Reader Fest"},"content":{"rendered":"\n<p>Reading is an act of empathy, and in today&#8217;s world what could be more important?<\/p>\n\n\n\n<p>Created by Violet Hour Literary Series &amp; Book Club (Montreal) and Sapphic Arts and Letters (Toronto), <strong>Lire Queer Reader Fest<\/strong> is a grassroots initiative that brings together Montreal\u2019s vibrant literary and queer communities around a shared love of LGBTQ+ literature. While most contemporary literary festivals focus on writers, Lire Queer centres readers, seeking to create moments of meaningful connection between our city&#8217;s book lovers. Join us at a meeting in Montreal from May 16-23, 2026.<\/p>\n\n\n\n<p>Big thanks to our partners who continue to make Montreal, and our lives, full of rewarding cultural moments:<\/p>\n\n\n\n<div class=\"wp-block-media-text has-media-on-the-right is-stacked-on-mobile\"><div class=\"wp-block-media-text__content\">\n<h2 class=\"wp-block-heading\"><strong><a href=\"https:\/\/www.argobookshop.ca\/\" target=\"_blank\" rel=\"noreferrer noopener\">Argo Bookshop<\/a>\/<br><a href=\"https:\/\/dickslendinglibrary.com\/\" target=\"_blank\" rel=\"noreferrer noopener\">Dick\u2019s Lending Library<\/a>\/<br><a href=\"https:\/\/mtl.drawnandquarterly.com\/\" target=\"_blank\" rel=\"noreferrer noopener\">Drawn &amp; Quarterly<\/a>\/<br><a href=\"https:\/\/www.instagram.com\/gay_writes\/\">Gay Writes<\/a>\/<br>Hot Flash\/<br><a href=\"https:\/\/www.joiedelivres.ca\/\">Joie de livres<\/a>\/ <\/strong><br><strong><a href=\"https:\/\/latinosenmontreal.ca\/\" target=\"_blank\" rel=\"noreferrer noopener\">LATMTL<\/a>\/ <\/strong><br><strong><a href=\"https:\/\/www.facebook.com\/groups\/1250093983154062\" target=\"_blank\" rel=\"noreferrer noopener\">Le Cercle de lecture<\/a>\/ <\/strong><br><strong><a href=\"https:\/\/www.netaitcepaslete.com\/\" target=\"_blank\" rel=\"noreferrer noopener\">Librairie n&#8217;\u00e9tait-ce pas l&#8217;\u00e9t\u00e9<\/a><strong>\/<\/strong><br><a href=\"https:\/\/www.sainthenribooks.com\/\" target=\"_blank\" rel=\"noreferrer noopener\">Librairie Saint Henri Books<\/a>\/<br><a href=\"https:\/\/docs.google.com\/document\/d\/1B5Ump_vjx_ffP_tUQMeBQLXUoWK6Jv0OHjUEJ-vY5Bs\/edit?tab=t.0#heading=h.hoxjce3e1n9t\">Lucioles et morilles<\/a>\/<br><a href=\"https:\/\/metonymypress.com\/\">Metonymy Press<\/a>\/<br><a href=\"https:\/\/www.mespantsdequeer.com\/\" target=\"_blank\" rel=\"noreferrer noopener\">Mes pants de queer<\/a>\/<br><a href=\"https:\/\/pulpbooks.ca\/\" target=\"_blank\" rel=\"noreferrer noopener\">Pulp Books &amp; Caf\u00e9<\/a>\/<br>Sapphic Arts &amp; Letters\/<br><a href=\"https:\/\/christopherdiraddo.com\/violet-hour\/\" target=\"_blank\" rel=\"noreferrer noopener\">Violet Hour Literary Series &amp; Book Club<\/a>\/<\/strong><\/h2>\n\n\n\n<p><\/p>\n<\/div><figure class=\"wp-block-media-text__media\"><img decoding=\"async\" src=\"http:\/\/www.lirequeer.ca\/wp-content\/uploads\/2026\/03\/IMG_0277B.jpg\" alt=\"\" class=\"wp-image-193 size-full\"\/><\/figure><\/div>\n\n\n\n<p><\/p>\n\n\n\n<p>For questions about individual events or activities, please contact our partners directly through the links above. <br><br>For information about Lire Queer Reader Fest, please contact Christopher DiRaddo at <a href=\"mailto:cd@christopherdiraddo.com\">cd@christopherdiraddo.com<\/a>.<\/p>\n\n\n\n<p><\/p>\n","protected":false},"excerpt":{"rendered":"<p>Reading is an act of empathy, and in today&#8217;s world what could be more important? Created by Violet Hour Literary Series &amp; Book Club (Montreal) and Sapphic Arts and Letters (Toronto), Lire Queer Reader Fest is a grassroots initiative that brings together Montreal\u2019s vibrant literary and queer communities around a shared love of LGBTQ+ literature. [&hellip;]<\/p>\n","protected":false},"author":1,"featured_media":0,"parent":0,"menu_order":0,"comment_status":"closed","ping_status":"closed","template":"","meta":{"footnotes":""},"class_list":["post-191","page","type-page","status-publish","hentry"],"_links":{"self":[{"href":"https:\/\/www.lirequeer.ca\/index.php?rest_route=\/wp\/v2\/pages\/191","targetHints":{"allow":["GET"]}}],"collection":[{"href":"https:\/\/www.lirequeer.ca\/index.php?rest_route=\/wp\/v2\/pages"}],"about":[{"href":"https:\/\/www.lirequeer.ca\/index.php?rest_route=\/wp\/v2\/types\/page"}],"author":[{"embeddable":true,"href":"https:\/\/www.lirequeer.ca\/index.php?rest_route=\/wp\/v2\/users\/1"}],"replies":[{"embeddable":true,"href":"https:\/\/www.lirequeer.ca\/index.php?rest_route=%2Fwp%2Fv2%2Fcomments&post=191"}],"version-history":[{"count":15,"href":"https:\/\/www.lirequeer.ca\/index.php?rest_route=\/wp\/v2\/pages\/191\/revisions"}],"predecessor-version":[{"id":399,"href":"https:\/\/www.lirequeer.ca\/index.php?rest_route=\/wp\/v2\/pages\/191\/revisions\/399"}],"wp:attachment":[{"href":"https:\/\/www.lirequeer.ca\/index.php?rest_route=%2Fwp%2Fv2%2Fmedia&parent=191"}],"curies":[{"name":"wp","href":"https:\/\/api.w.org\/{rel}","templated":true}]}}