{"id":180,"date":"2026-03-01T17:36:39","date_gmt":"2026-03-01T17:36:39","guid":{"rendered":"https:\/\/www.lirequeer.ca\/?page_id=180"},"modified":"2026-04-16T16:02:41","modified_gmt":"2026-04-16T16:02:41","slug":"antes-que-anochezca-autobiografia","status":"publish","type":"page","link":"https:\/\/www.lirequeer.ca\/?page_id=180","title":{"rendered":"Antes que anochezca: autobiograf\u00eda"},"content":{"rendered":"\n<div class=\"wp-block-media-text is-stacked-on-mobile\"><figure class=\"wp-block-media-text__media\"><img decoding=\"async\" src=\"http:\/\/www.lirequeer.ca\/wp-content\/uploads\/2026\/03\/05-17-b-1-1.png\" alt=\"\" class=\"wp-image-364 size-full\"\/><\/figure><div class=\"wp-block-media-text__content\">\n<p>T\u00cdTULO: <em>Antes que anochezca: autobiograf\u00eda<\/em> por Reinaldo Arenas (Tusquets Editores, 1992); En fran\u00e7ais: <em>Avant la nuit<\/em>; In English: <em>Before Night Falls<\/em><\/p>\n\n\n\n<p>CLUB DE LECTURA: <a href=\"https:\/\/christopherdiraddo.com\/violet-hour\/\">Violet Hour Book Club<\/a> y <a href=\"http:\/\/latinosenmontreal.ca\/\" target=\"_blank\" rel=\"noreferrer noopener\">LATMTL<\/a><\/p>\n\n\n\n<p>FECHA\/HORA: 2PM a 4PM el 17 de mayo<\/p>\n\n\n\n<p>UBICACI\u00d3N: Papeterie Caf\u00e9 Nueva Era (301 \u00c9mery C1, Quartier Latin)<\/p>\n\n\n\n<p>MODERADOR: H\u00e9ctor G\u00e1lvez<\/p>\n\n\n\n<p>N\u00daMERO M\u00c1XIMO DE PARTICIPANTES: 20<\/p>\n\n\n\n<p>INSCRIPCI\u00d3N: No es necesario inscribirse<\/p>\n\n\n\n<p>IDIOMA: Se invita a los participantes a compartir sus opiniones en espa\u00f1ol, ingl\u00e9s o franc\u00e9s. No es necesario tener fluidez en espa\u00f1ol, aunque parte de la discusi\u00f3n se llevar\u00e1 a cabo en ese idioma. \/\/ <em>Les participant\u00b7e\u00b7s sont encourag\u00e9\u00b7e\u00b7s \u00e0 partager leurs opinions en espagnol, en anglais ou en fran\u00e7ais. Il n\u2019est pas n\u00e9cessaire de parler couramment l\u2019espagnol, bien qu\u2019une partie de la discussion d\u00e9roulera en espagnol <\/em>\/\/ <strong>People are encouraged to share their opinions in Spanish, English or French. Fluency in Spanish is not required, although some of the discussion will take place in Spanish<\/strong>.<\/p>\n\n\n\n<p><\/p>\n<\/div><\/div>\n\n\n\n<h2 class=\"wp-block-heading\">Acerca del libro<\/h2>\n\n\n\n<p>El 7 de diciembre de 1990 el escritor cubano&nbsp;Reinaldo Arenas, en fase terminal del SIDA, se suicida en Nueva York dejando este&nbsp;estremecedor testimonio personal y pol\u00edtico, que termin\u00f3 apenas unos d\u00edas antes de ponerle fin a su vida.&nbsp;Arenas,&nbsp;en efecto, reun\u00eda las tres condiciones id\u00f3neas para convertirse en uno de los muchos parias engendrados por el infierno inquisitorial y carcelario de la Cuba castrista&nbsp;: ser&nbsp;escritor, homosexual y disidente. Silencien o no la presencia de este libro los interesados en perpetuar el enga\u00f1o, deseamos que sean cada vez menos los que a\u00fan digan que ignoran qu\u00e9 encubr\u00eda, y encubre, el c\u00e9lebre \u00abpara\u00edso caribe\u00f1o\u00bb del patriarca Fidel Castro. De los barrios bajos de la Habana, donde raptan a los excluidos del sistema, a las dificultades de la vida en el extranjero, neg\u00e1ndose a la discreta neutralidad que la izquierda bien pensante esperaba de un exiliado cubano, la vida de&nbsp;Arenas&nbsp;fue, muy a pesar suyo, una continua peripecia vital e intelectual.<\/p>\n\n\n\n<h2 class=\"wp-block-heading\">Acerca del Club de Lectura<\/h2>\n\n\n\n<p>Como complemento de la serie literaria Violet Hour, el Club de Lectura Violet Hour ha estado fomentando una comunidad de lectores, escritores y amantes de los libros en Montreal desde 2018. El club ofrece un espacio inclusivo y seguro para discusiones animadas y estimulantes sobre libros, literatura y el arte de contar historias. Abierto a todos, las reuniones se realizan en diversos lugares donde los participantes exploran una amplia gama de g\u00e9neros literarios, incluyendo novelas, memorias, no ficci\u00f3n, poes\u00eda, literatura juvenil y novelas gr\u00e1ficas. Desde su lanzamiento, el grupo ha le\u00eddo m\u00e1s de 86 libros. Instagram: <a href=\"https:\/\/www.instagram.com\/violet_hour_mtl\/\">violet_hour_mtl<\/a>; Facebook: <a href=\"https:\/\/www.facebook.com\/groups\/2372338966136189\">Violet Hour Book Club<\/a>; Bolet\u00edn: <a href=\"https:\/\/christopherdiraddo.substack.com\/?utm_campaign=profile_chips\">The Violet Letter<\/a>.<\/p>\n\n\n\n<div class=\"wp-block-media-text has-media-on-the-right is-stacked-on-mobile\"><div class=\"wp-block-media-text__content\">\n<p><strong>MODERADOR: H\u00e9ctor G\u00e1lvez<\/strong><\/p>\n\n\n\n<p>H\u00e9ctor G\u00e1lvez es un apasionado de la literatura y escritor amateur. De origen mexicano, ha vivido en Montreal desde el 2014 y es miembro del club de lectura&nbsp;<em>Violet Hour&nbsp;<\/em>desde el 2023. Trabaja en el \u00e1mbito de la gen\u00f3mica y las ciencias de la vida. En su tiempo libre tambi\u00e9n disfruta de la fotograf\u00eda y correr.&nbsp;<\/p>\n<\/div><figure class=\"wp-block-media-text__media\"><img decoding=\"async\" src=\"http:\/\/www.lirequeer.ca\/wp-content\/uploads\/2026\/03\/IMG_9613.jpg\" alt=\"\" class=\"wp-image-258 size-full\"\/><\/figure><\/div>\n","protected":false},"excerpt":{"rendered":"<p>T\u00cdTULO: Antes que anochezca: autobiograf\u00eda por Reinaldo Arenas (Tusquets Editores, 1992); En fran\u00e7ais: Avant la nuit; In English: Before Night Falls CLUB DE LECTURA: Violet Hour Book Club y LATMTL FECHA\/HORA: 2PM a 4PM el 17 de mayo UBICACI\u00d3N: Papeterie Caf\u00e9 Nueva Era (301 \u00c9mery C1, Quartier Latin) MODERADOR: H\u00e9ctor G\u00e1lvez N\u00daMERO M\u00c1XIMO DE PARTICIPANTES: [&hellip;]<\/p>\n","protected":false},"author":1,"featured_media":0,"parent":0,"menu_order":0,"comment_status":"closed","ping_status":"closed","template":"","meta":{"footnotes":""},"class_list":["post-180","page","type-page","status-publish","hentry"],"_links":{"self":[{"href":"https:\/\/www.lirequeer.ca\/index.php?rest_route=\/wp\/v2\/pages\/180","targetHints":{"allow":["GET"]}}],"collection":[{"href":"https:\/\/www.lirequeer.ca\/index.php?rest_route=\/wp\/v2\/pages"}],"about":[{"href":"https:\/\/www.lirequeer.ca\/index.php?rest_route=\/wp\/v2\/types\/page"}],"author":[{"embeddable":true,"href":"https:\/\/www.lirequeer.ca\/index.php?rest_route=\/wp\/v2\/users\/1"}],"replies":[{"embeddable":true,"href":"https:\/\/www.lirequeer.ca\/index.php?rest_route=%2Fwp%2Fv2%2Fcomments&post=180"}],"version-history":[{"count":12,"href":"https:\/\/www.lirequeer.ca\/index.php?rest_route=\/wp\/v2\/pages\/180\/revisions"}],"predecessor-version":[{"id":400,"href":"https:\/\/www.lirequeer.ca\/index.php?rest_route=\/wp\/v2\/pages\/180\/revisions\/400"}],"wp:attachment":[{"href":"https:\/\/www.lirequeer.ca\/index.php?rest_route=%2Fwp%2Fv2%2Fmedia&parent=180"}],"curies":[{"name":"wp","href":"https:\/\/api.w.org\/{rel}","templated":true}]}}